{"id":38,"date":"2014-01-23T21:00:53","date_gmt":"2014-01-23T19:00:53","guid":{"rendered":"http:\/\/maeluiza-penzberg.de\/wordpresn\/?page_id=38"},"modified":"2018-02-16T14:19:04","modified_gmt":"2018-02-16T13:19:04","slug":"home","status":"publish","type":"page","link":"https:\/\/maeluiza-penzberg.de\/wp\/","title":{"rendered":"Home"},"content":{"rendered":"<p>Herzlich Willkommen auf unserer Website.<img decoding=\"async\" loading=\"lazy\" class=\"alignright wp-image-318 size-full\" title=\"Der Leuchtturm von Natal auf den D\u00fcnen M\u00e3e Luizas (\u00a9 Gerd Klose \/ FrKr ML)\" src=\"http:\/\/maeluiza-penzberg.de\/wp\/wp-content\/uploads\/2014\/01\/Farol-freigest-e1395261511278.png\" width=\"221\" height=\"500\" srcset=\"https:\/\/maeluiza-penzberg.de\/wp\/wp-content\/uploads\/2014\/01\/Farol-freigest-e1395261511278.png 221w, https:\/\/maeluiza-penzberg.de\/wp\/wp-content\/uploads\/2014\/01\/Farol-freigest-e1395261511278-132x300.png 132w\" sizes=\"(max-width: 221px) 100vw, 221px\" \/><\/p>\n<p style=\"text-align: justify;\"><img decoding=\"async\" loading=\"lazy\" class=\"alignleft wp-image-54 size-thumbnail\" title=\"Das Armenviertel M\u00e3e Luiza; im Hintergrund Natal City (\u00a9 Archiv FrKr ML)\" src=\"http:\/\/maeluiza-penzberg.de\/wp\/wp-content\/uploads\/2014\/01\/Mae-Luiza-Hintergrund-Natal-City-GK-2_IMG_0058_Kopie--150x150.jpg\" alt=\"\" width=\"150\" height=\"150\" \/>Wir sind ein gemeinn\u00fctziger Verein in <strong>Penzberg<\/strong>, der Aufbauhilfe f\u00fcr das Stadtviertel <strong><a title=\"\u00dcber Mae Luiza\" href=\"http:\/\/maeluiza-penzberg.de\/wp\/?page_id=4\">M\u00e3e Luiza<\/a> in Brasilien<\/strong> leistet und dabei in regem partnerschaftlichen Austausch steht. Wir laden Sie ein, sich \u00fcber diese lebendige Partnerschaft zu informieren, und vielleicht bekommen Sie Lust mitzuwirken.<\/p>\n<p>&nbsp;<\/p>\n<p style=\"text-align: justify;\"><img decoding=\"async\" loading=\"lazy\" class=\"alignleft wp-image-55 size-thumbnail\" title=\"Der Eine-Welt-Laden in Penzberg (\u00a9 Archiv FrKr ML)\" src=\"http:\/\/maeluiza-penzberg.de\/wp\/wp-content\/uploads\/2014\/01\/rg110613-0001-150x150.jpg\" alt=\"\" width=\"150\" height=\"150\" \/>Der <a title=\"\u00dcber Uns\" href=\"http:\/\/maeluiza-penzberg.de\/wp\/?page_id=28\"><strong>Eine-Welt-Laden<\/strong><\/a> in Penzberg wird von unserem Verein betrieben und der Reinerl\u00f6s geht vollst\u00e4ndig nach M\u00e3e Luiza. Mit Ihrem Einkauf tun Sie also zwei gute Werke: Sie unterst\u00fctzen den fairen Handel und gleichzeitig finanziell M\u00e3e Luiza. Informationen zum Eine-Welt-Laden finden Sie ebenfalls auf diesen Seiten.<\/p>\n<p>Wer sich den Verein lieber von <a href=\"http:\/\/www.alpenwelle.de\/index.php\" target=\"_blank\">Radio Alpenwelle<\/a> vorstellen lassen n\u00f6chte: <a href=\"http:\/\/maeluiza-penzberg.de\/wp\/wp-content\/uploads\/2015\/08\/2015-08-19_Interview_Matschl_Eigendorf-C-Alpenwelle.mp3\" target=\"_blank\">Hier<\/a> gibts das Interview &#8222;Verein der Woche&#8220; vom August 2015 zum nachh\u00f6ren:<\/p>\n<!--[if lt IE 9]><script>document.createElement('audio');<\/script><![endif]-->\n<audio class=\"wp-audio-shortcode\" id=\"audio-38-1\" preload=\"none\" style=\"width: 100%;\" controls=\"controls\"><source type=\"audio\/mpeg\" src=\"http:\/\/maeluiza-penzberg.de\/wp\/wp-content\/uploads\/2015\/08\/2015-08-19_Interview_Matschl_Eigendorf-C-Alpenwelle.mp3?_=1\" \/><a href=\"http:\/\/maeluiza-penzberg.de\/wp\/wp-content\/uploads\/2015\/08\/2015-08-19_Interview_Matschl_Eigendorf-C-Alpenwelle.mp3\">http:\/\/maeluiza-penzberg.de\/wp\/wp-content\/uploads\/2015\/08\/2015-08-19_Interview_Matschl_Eigendorf-C-Alpenwelle.mp3<\/a><\/audio>\n","protected":false},"excerpt":{"rendered":"<p>Herzlich Willkommen auf unserer Website. Wir sind ein gemeinn\u00fctziger Verein in Penzberg, der Aufbauhilfe f\u00fcr das Stadtviertel M\u00e3e Luiza in Brasilien leistet und dabei in regem partnerschaftlichen Austausch steht. Wir laden Sie ein, sich \u00fcber diese lebendige Partnerschaft zu informieren, und vielleicht bekommen Sie Lust mitzuwirken. &nbsp; Der Eine-Welt-Laden in Penzberg wird von unserem Verein betrieben und der Reinerl\u00f6s geht vollst\u00e4ndig nach M\u00e3e Luiza. Mit Ihrem Einkauf tun Sie also zwei gute Werke: Sie unterst\u00fctzen den fairen Handel und gleichzeitig finanziell M\u00e3e Luiza. Informationen zum Eine-Welt-Laden finden Sie ebenfalls auf diesen Seiten. Wer sich den Verein lieber von Radio Alpenwelle [&hellip;]<\/p>\n","protected":false},"author":6,"featured_media":0,"parent":0,"menu_order":1,"comment_status":"closed","ping_status":"closed","template":"","meta":[],"_links":{"self":[{"href":"https:\/\/maeluiza-penzberg.de\/wp\/index.php?rest_route=\/wp\/v2\/pages\/38"}],"collection":[{"href":"https:\/\/maeluiza-penzberg.de\/wp\/index.php?rest_route=\/wp\/v2\/pages"}],"about":[{"href":"https:\/\/maeluiza-penzberg.de\/wp\/index.php?rest_route=\/wp\/v2\/types\/page"}],"author":[{"embeddable":true,"href":"https:\/\/maeluiza-penzberg.de\/wp\/index.php?rest_route=\/wp\/v2\/users\/6"}],"replies":[{"embeddable":true,"href":"https:\/\/maeluiza-penzberg.de\/wp\/index.php?rest_route=%2Fwp%2Fv2%2Fcomments&post=38"}],"version-history":[{"count":37,"href":"https:\/\/maeluiza-penzberg.de\/wp\/index.php?rest_route=\/wp\/v2\/pages\/38\/revisions"}],"predecessor-version":[{"id":1902,"href":"https:\/\/maeluiza-penzberg.de\/wp\/index.php?rest_route=\/wp\/v2\/pages\/38\/revisions\/1902"}],"wp:attachment":[{"href":"https:\/\/maeluiza-penzberg.de\/wp\/index.php?rest_route=%2Fwp%2Fv2%2Fmedia&parent=38"}],"curies":[{"name":"wp","href":"https:\/\/api.w.org\/{rel}","templated":true}]}}