{"id":30,"date":"2014-01-23T20:50:27","date_gmt":"2014-01-23T18:50:27","guid":{"rendered":"http:\/\/maeluiza-penzberg.de\/wordpresn\/?page_id=30"},"modified":"2014-04-24T19:35:57","modified_gmt":"2014-04-24T18:35:57","slug":"der-faire-handel","status":"publish","type":"page","link":"https:\/\/maeluiza-penzberg.de\/wp\/?page_id=30","title":{"rendered":"Der Faire Handel"},"content":{"rendered":"<blockquote><p>\u201eWenn die L\u00e4nder des \u00dcberflusses den Entwicklungsl\u00e4ndern gerechte Preise f\u00fcr ihre Produkte zahlen w\u00fcrden, k\u00f6nnten sie ihre Unterst\u00fctzung, ihre Hilfspl\u00e4ne und ihre Almosen f\u00fcr sich behalten.\u201c<br \/>\n<em>(Dom Helder Camara)<\/em><\/p><\/blockquote>\n<p>Der Faire Handel verbindet die Produzenten in den oft benachteiligten Regionen im S\u00fcden mit uns Konsumenten im Norden. Er beinhaltet seit vielen Jahren die drei S\u00e4ulen einer nachhaltigen Entwicklung: \u00f6konomische Gerechtigkeit, soziale Verantwortung und \u00f6kologische Vertr\u00e4glichkeit.<\/p>\n<p><strong>Vorteile f\u00fcr die Produzenten<\/strong><\/p>\n<p>Der Faire Handel&#8230;<\/p>\n<ul>\n<li>&#8230;erm\u00f6glicht vielen Kleinbauern und Arbeitern die Verbesserung ihrer Lebens- und Arbeitsbedingungen.<\/li>\n<li>&#8230;unterh\u00e4lt transparente und partnerschaftliche Handelsbeziehungen zu den Organisationen, die die Interessen der ProduzentInnen vertreten.<\/li>\n<li>&#8230;sichert die Rechte von Kindern und f\u00f6rdert die Gleichstellung der Geschlechter innerhalb der beteiligten Organisationen.<\/li>\n<li>&#8230;f\u00f6rdert die Umstellung auf \u00f6kologische Landwirtschaft.<\/li>\n<li>&#8230;leistet Bildungs- und politische Kampagnenarbeit, um die Regeln des Welthandels gerechter zu gestalten.<\/li>\n<\/ul>\n<p>&nbsp;<\/p>\n<p><strong>Vorteile f\u00fcr die Verbraucher<\/strong><\/p>\n<ul>\n<li>fair gehandelte Produkte zum fairen Preis<\/li>\n<li>qualitativ hochwertige Produkte, die gr\u00f6\u00dftenteils in Handarbeit hergestellt werden<\/li>\n<li>viele \u201eBio\u201c- Lebensmittel, denn immer mehr Waren stammen aus \u00f6kologischem Anbau<\/li>\n<li>die M\u00f6glichkeit, gerechte Handelsbeziehungen zu unterst\u00fctzen.<\/li>\n<\/ul>\n<p>&nbsp;<\/p>\n<p>&nbsp;<\/p>\n","protected":false},"excerpt":{"rendered":"<p>\u201eWenn die L\u00e4nder des \u00dcberflusses den Entwicklungsl\u00e4ndern gerechte Preise f\u00fcr ihre Produkte zahlen w\u00fcrden, k\u00f6nnten sie ihre Unterst\u00fctzung, ihre Hilfspl\u00e4ne und ihre Almosen f\u00fcr sich behalten.\u201c (Dom Helder Camara) Der Faire Handel verbindet die Produzenten in den oft benachteiligten Regionen im S\u00fcden mit uns Konsumenten im Norden. Er beinhaltet seit vielen Jahren die drei S\u00e4ulen einer nachhaltigen Entwicklung: \u00f6konomische Gerechtigkeit, soziale Verantwortung und \u00f6kologische Vertr\u00e4glichkeit. Vorteile f\u00fcr die Produzenten Der Faire Handel&#8230; &#8230;erm\u00f6glicht vielen Kleinbauern und Arbeitern die Verbesserung ihrer Lebens- und Arbeitsbedingungen. &#8230;unterh\u00e4lt transparente und partnerschaftliche Handelsbeziehungen zu den Organisationen, die die Interessen der ProduzentInnen vertreten. &#8230;sichert die Rechte [&hellip;]<\/p>\n","protected":false},"author":6,"featured_media":0,"parent":11,"menu_order":2,"comment_status":"closed","ping_status":"closed","template":"","meta":[],"_links":{"self":[{"href":"https:\/\/maeluiza-penzberg.de\/wp\/index.php?rest_route=\/wp\/v2\/pages\/30"}],"collection":[{"href":"https:\/\/maeluiza-penzberg.de\/wp\/index.php?rest_route=\/wp\/v2\/pages"}],"about":[{"href":"https:\/\/maeluiza-penzberg.de\/wp\/index.php?rest_route=\/wp\/v2\/types\/page"}],"author":[{"embeddable":true,"href":"https:\/\/maeluiza-penzberg.de\/wp\/index.php?rest_route=\/wp\/v2\/users\/6"}],"replies":[{"embeddable":true,"href":"https:\/\/maeluiza-penzberg.de\/wp\/index.php?rest_route=%2Fwp%2Fv2%2Fcomments&post=30"}],"version-history":[{"count":19,"href":"https:\/\/maeluiza-penzberg.de\/wp\/index.php?rest_route=\/wp\/v2\/pages\/30\/revisions"}],"predecessor-version":[{"id":546,"href":"https:\/\/maeluiza-penzberg.de\/wp\/index.php?rest_route=\/wp\/v2\/pages\/30\/revisions\/546"}],"up":[{"embeddable":true,"href":"https:\/\/maeluiza-penzberg.de\/wp\/index.php?rest_route=\/wp\/v2\/pages\/11"}],"wp:attachment":[{"href":"https:\/\/maeluiza-penzberg.de\/wp\/index.php?rest_route=%2Fwp%2Fv2%2Fmedia&parent=30"}],"curies":[{"name":"wp","href":"https:\/\/api.w.org\/{rel}","templated":true}]}}