{"id":28,"date":"2014-01-23T20:50:10","date_gmt":"2014-01-23T18:50:10","guid":{"rendered":"http:\/\/maeluiza-penzberg.de\/wordpresn\/?page_id=28"},"modified":"2014-04-23T19:59:11","modified_gmt":"2014-04-23T18:59:11","slug":"wir-ueber-uns","status":"publish","type":"page","link":"https:\/\/maeluiza-penzberg.de\/wp\/?page_id=28","title":{"rendered":"\u00dcber uns"},"content":{"rendered":"<p><img decoding=\"async\" loading=\"lazy\" class=\"  aligncenter wp-image-55\" title=\"Der (Eine-) Welt-Laden in Penzberg (\u00a9 Archiv FrKr ML)\" src=\"http:\/\/maeluiza-penzberg.de\/wp\/wp-content\/uploads\/2014\/01\/rg110613-0001.jpg\" alt=\"\" width=\"1280\" height=\"853\" srcset=\"https:\/\/maeluiza-penzberg.de\/wp\/wp-content\/uploads\/2014\/01\/rg110613-0001.jpg 2480w, https:\/\/maeluiza-penzberg.de\/wp\/wp-content\/uploads\/2014\/01\/rg110613-0001-300x199.jpg 300w, https:\/\/maeluiza-penzberg.de\/wp\/wp-content\/uploads\/2014\/01\/rg110613-0001-1024x682.jpg 1024w, https:\/\/maeluiza-penzberg.de\/wp\/wp-content\/uploads\/2014\/01\/rg110613-0001-624x415.jpg 624w\" sizes=\"(max-width: 1280px) 100vw, 1280px\" \/><\/p>\n<p>Wir sind ein Fachgesch\u00e4ft des <a title=\"Der Faire Handel\" href=\"http:\/\/maeluiza-penzberg.de\/wp\/?page_id=30\">Fairen Handels<\/a>. S\u00e4mtliche\u00a0erwirtschafteten Gewinne kommen unserer Partnergemeinde M\u00e3e Luiza zugute.<\/p>\n<p>Sie finden uns zu unseren regelm\u00e4\u00dfigen <a title=\"Kontakt und \u00d6ffnungszeiten\" href=\"http:\/\/maeluiza-penzberg.de\/wp\/?page_id=32\">\u00d6ffnungszeiten<\/a> im Kirchturm von Christk\u00f6nig, Penzberg und dar\u00fcber hinaus auf zahlreichen Veranstaltungen in und um Penzberg.<\/p>\n<p>&nbsp;<\/p>\n<p>Wir&#8230;<\/p>\n<ul>\n<li>&#8230;sind etwa 20 Frauen.<\/li>\n<li>&#8230;arbeiten alle ehrenamtlich.<\/li>\n<li>&#8230;verkaufen Lebensmittel und Handelswaren aus L\u00e4ndern der sogenannten Dritten Welt und anderen benachteiligten Regionen.<\/li>\n<li>&#8230;stehen daf\u00fcr ein, dass unsere Produzenten gerechte Preise erhalten, au\u00dferdem Zuschl\u00e4ge f\u00fcr Gemeinschaftsaufgaben, garantierte Abnahmen, Vorausleistungen, Beratungen u.v.m. bekommen.<\/li>\n<li>&#8230;setzen uns ein f\u00fcr mehr Gerechtigkeit in der Welt, damit eines Tages alle Menschen ihre W\u00fcrde und ihr Auskommen haben.<\/li>\n<li>&#8230;freuen uns ganz besonders \u00fcber neue Mitarbeiter.<\/li>\n<\/ul>\n","protected":false},"excerpt":{"rendered":"<p>Wir sind ein Fachgesch\u00e4ft des Fairen Handels. S\u00e4mtliche\u00a0erwirtschafteten Gewinne kommen unserer Partnergemeinde M\u00e3e Luiza zugute. Sie finden uns zu unseren regelm\u00e4\u00dfigen \u00d6ffnungszeiten im Kirchturm von Christk\u00f6nig, Penzberg und dar\u00fcber hinaus auf zahlreichen Veranstaltungen in und um Penzberg. &nbsp; Wir&#8230; &#8230;sind etwa 20 Frauen. &#8230;arbeiten alle ehrenamtlich. &#8230;verkaufen Lebensmittel und Handelswaren aus L\u00e4ndern der sogenannten Dritten Welt und anderen benachteiligten Regionen. &#8230;stehen daf\u00fcr ein, dass unsere Produzenten gerechte Preise erhalten, au\u00dferdem Zuschl\u00e4ge f\u00fcr Gemeinschaftsaufgaben, garantierte Abnahmen, Vorausleistungen, Beratungen u.v.m. bekommen. &#8230;setzen uns ein f\u00fcr mehr Gerechtigkeit in der Welt, damit eines Tages alle Menschen ihre W\u00fcrde und ihr Auskommen haben. &#8230;freuen [&hellip;]<\/p>\n","protected":false},"author":6,"featured_media":0,"parent":11,"menu_order":1,"comment_status":"closed","ping_status":"closed","template":"","meta":[],"_links":{"self":[{"href":"https:\/\/maeluiza-penzberg.de\/wp\/index.php?rest_route=\/wp\/v2\/pages\/28"}],"collection":[{"href":"https:\/\/maeluiza-penzberg.de\/wp\/index.php?rest_route=\/wp\/v2\/pages"}],"about":[{"href":"https:\/\/maeluiza-penzberg.de\/wp\/index.php?rest_route=\/wp\/v2\/types\/page"}],"author":[{"embeddable":true,"href":"https:\/\/maeluiza-penzberg.de\/wp\/index.php?rest_route=\/wp\/v2\/users\/6"}],"replies":[{"embeddable":true,"href":"https:\/\/maeluiza-penzberg.de\/wp\/index.php?rest_route=%2Fwp%2Fv2%2Fcomments&post=28"}],"version-history":[{"count":35,"href":"https:\/\/maeluiza-penzberg.de\/wp\/index.php?rest_route=\/wp\/v2\/pages\/28\/revisions"}],"predecessor-version":[{"id":516,"href":"https:\/\/maeluiza-penzberg.de\/wp\/index.php?rest_route=\/wp\/v2\/pages\/28\/revisions\/516"}],"up":[{"embeddable":true,"href":"https:\/\/maeluiza-penzberg.de\/wp\/index.php?rest_route=\/wp\/v2\/pages\/11"}],"wp:attachment":[{"href":"https:\/\/maeluiza-penzberg.de\/wp\/index.php?rest_route=%2Fwp%2Fv2%2Fmedia&parent=28"}],"curies":[{"name":"wp","href":"https:\/\/api.w.org\/{rel}","templated":true}]}}