{"id":23,"date":"2014-01-23T20:49:34","date_gmt":"2014-01-23T18:49:34","guid":{"rendered":"http:\/\/maeluiza-penzberg.de\/wordpresn\/?page_id=23"},"modified":"2014-08-20T15:30:01","modified_gmt":"2014-08-20T14:30:01","slug":"die-grundschule","status":"publish","type":"page","link":"https:\/\/maeluiza-penzberg.de\/wp\/?page_id=23","title":{"rendered":"Die Erg\u00e4nzungsschule"},"content":{"rendered":"<p><img decoding=\"async\" loading=\"lazy\" class=\"  aligncenter wp-image-131 size-full\" title=\"Erg\u00e4nzungsschule des Centro S\u00f3cio-Pastoral Nossa Senhora da Concei\u00e7\u00e3o, M\u00e3e Luiza  (\u00a9 Archiv FrKr ML)\" src=\"http:\/\/maeluiza-penzberg.de\/wp\/wp-content\/uploads\/2014\/01\/2007_-begr\u00fc\u00dfung-Casa-crescer.jpg\" alt=\"\" width=\"1024\" height=\"768\" srcset=\"https:\/\/maeluiza-penzberg.de\/wp\/wp-content\/uploads\/2014\/01\/2007_-begr\u00fc\u00dfung-Casa-crescer.jpg 1024w, https:\/\/maeluiza-penzberg.de\/wp\/wp-content\/uploads\/2014\/01\/2007_-begr\u00fc\u00dfung-Casa-crescer-300x225.jpg 300w\" sizes=\"(max-width: 1024px) 100vw, 1024px\" \/><\/p>\n<p style=\"text-align: left;\">Die Erg\u00e4nzungsschule \u201eCasa Crescer\u201c (\u201eHaus des Wachsens\u201c) wurde n\u00f6tig, weil das brasilianische Schulsystem nicht recht funktioniert, schon gar nicht in einem \u00e4rmeren Viertel wie M\u00e3e Luiza. Die Lehrkr\u00e4fte an \u00f6ffentlichen Schule werden schlecht bezahlt und erscheinen dann auch regelm\u00e4\u00dfig nicht zum Unterricht, die Kinder tun es ihnen gleich, und so verlassen dann viele Brasilianer die Schule auf Zweitklassniveau.<\/p>\n<p>Studieren kann in Brasilien eigentlich jeder, wenn er vorher eine Pr\u00fcfung besteht. Wer eine \u00f6ffentliche Schule besucht hat und sich die speziellen Vorbereitungskurse nicht leisten kann, hat dabei aber schlechte Karten. Hier kommt die Erg\u00e4nzungsschule Casa Crescer ins Spiel: Hier gibt es f\u00fcr Sch\u00fcler \u00f6ffentlicher Schulen Nachhilfe, Hausaufgabenbetreuung und projektartige Angebote, die Wissen vertiefen und auch soziale F\u00e4higkeiten f\u00f6rdern. Somit wird die Voraussetzung geschaffen, dass das Wissen tats\u00e4chlich ankommt.<br \/>\nFinanziert wird dieses Angebot ausschlie\u00dflich durch Spendengelder.<br \/>\n<em>(<a title=\"Hier\" href=\"http:\/\/maeluiza-penzberg.de\/wp\/?p=1042\">Hier<\/a> zu einem genaueren Artikel von 2012)<\/em><\/p>\n<p><strong><a href=\"http:\/\/casacrescer1.blogspot.de\/\" target=\"_blank\">Hier<\/a> geht es zum Blog des Casa Crescer (Portugiesisch).<\/strong><\/p>\n<p><strong><a href=\"http:\/\/casacrescer1.blogspot.de\/\" target=\"_blank\"><img decoding=\"async\" loading=\"lazy\" class=\"alignleft wp-image-311\" title=\"Zum Blog der Erg\u00e4nzungsschule (Portugiesisch)\" src=\"http:\/\/maeluiza-penzberg.de\/wp\/wp-content\/uploads\/2014\/01\/logo-casa-crescer-300x84.png\" alt=\"Logo Erg\u00e4nzungsschule\" width=\"180\" height=\"50\" srcset=\"https:\/\/maeluiza-penzberg.de\/wp\/wp-content\/uploads\/2014\/01\/logo-casa-crescer-300x84.png 300w, https:\/\/maeluiza-penzberg.de\/wp\/wp-content\/uploads\/2014\/01\/logo-casa-crescer.png 535w\" sizes=\"(max-width: 180px) 100vw, 180px\" \/><\/a><br \/>\n<\/strong><\/p>\n<p>&nbsp;<\/p>\n","protected":false},"excerpt":{"rendered":"<p>Die Erg\u00e4nzungsschule \u201eCasa Crescer\u201c (\u201eHaus des Wachsens\u201c) wurde n\u00f6tig, weil das brasilianische Schulsystem nicht recht funktioniert, schon gar nicht in einem \u00e4rmeren Viertel wie M\u00e3e Luiza. Die Lehrkr\u00e4fte an \u00f6ffentlichen Schule werden schlecht bezahlt und erscheinen dann auch regelm\u00e4\u00dfig nicht zum Unterricht, die Kinder tun es ihnen gleich, und so verlassen dann viele Brasilianer die Schule auf Zweitklassniveau. Studieren kann in Brasilien eigentlich jeder, wenn er vorher eine Pr\u00fcfung besteht. Wer eine \u00f6ffentliche Schule besucht hat und sich die speziellen Vorbereitungskurse nicht leisten kann, hat dabei aber schlechte Karten. Hier kommt die Erg\u00e4nzungsschule Casa Crescer ins Spiel: Hier gibt es [&hellip;]<\/p>\n","protected":false},"author":6,"featured_media":0,"parent":9,"menu_order":2,"comment_status":"closed","ping_status":"closed","template":"","meta":[],"_links":{"self":[{"href":"https:\/\/maeluiza-penzberg.de\/wp\/index.php?rest_route=\/wp\/v2\/pages\/23"}],"collection":[{"href":"https:\/\/maeluiza-penzberg.de\/wp\/index.php?rest_route=\/wp\/v2\/pages"}],"about":[{"href":"https:\/\/maeluiza-penzberg.de\/wp\/index.php?rest_route=\/wp\/v2\/types\/page"}],"author":[{"embeddable":true,"href":"https:\/\/maeluiza-penzberg.de\/wp\/index.php?rest_route=\/wp\/v2\/users\/6"}],"replies":[{"embeddable":true,"href":"https:\/\/maeluiza-penzberg.de\/wp\/index.php?rest_route=%2Fwp%2Fv2%2Fcomments&post=23"}],"version-history":[{"count":21,"href":"https:\/\/maeluiza-penzberg.de\/wp\/index.php?rest_route=\/wp\/v2\/pages\/23\/revisions"}],"predecessor-version":[{"id":1175,"href":"https:\/\/maeluiza-penzberg.de\/wp\/index.php?rest_route=\/wp\/v2\/pages\/23\/revisions\/1175"}],"up":[{"embeddable":true,"href":"https:\/\/maeluiza-penzberg.de\/wp\/index.php?rest_route=\/wp\/v2\/pages\/9"}],"wp:attachment":[{"href":"https:\/\/maeluiza-penzberg.de\/wp\/index.php?rest_route=%2Fwp%2Fv2%2Fmedia&parent=23"}],"curies":[{"name":"wp","href":"https:\/\/api.w.org\/{rel}","templated":true}]}}