{"id":19,"date":"2014-01-23T20:49:02","date_gmt":"2014-01-23T18:49:02","guid":{"rendered":"http:\/\/maeluiza-penzberg.de\/wordpresn\/?page_id=19"},"modified":"2025-04-08T14:10:10","modified_gmt":"2025-04-08T13:10:10","slug":"so-koennen-sie-uns-unterstuetzen","status":"publish","type":"page","link":"https:\/\/maeluiza-penzberg.de\/wp\/?page_id=19","title":{"rendered":"So k\u00f6nnen Sie uns unterst\u00fctzen"},"content":{"rendered":"<p>Unser Ziel, die Lebensbedingungen in M\u00e3e Luiza nachhaltig zu verbessern, erfordert viel Anstrengung und finanzielle Mittel. Wir w\u00fcrden uns freuen, wenn Sie uns dabei unterst\u00fctzen w\u00fcrden. Genauso freuen wir uns, wenn Sie sich in die Partnerschaft einbringen m\u00f6chten.<\/p>\n<p><strong>Sie k\u00f6nnen spenden:<\/strong><\/p>\n<p>Unser Tr\u00e4gerverein \u201ePartnerschaft M\u00e3e Luiza\/Natal e.V. ist als gemeinn\u00fctziger Verein anerkannt (Steuernummer 119\/110\/20035). Bis einschl. EUR 200,00 gilt der Einzahlungs-\/\u00dcberweisungsbeleg als Spendenquittung. \u00dcber EUR 300,00 muss auf dem Einzahlungs-\/\u00dcberweisungsbeleg <strong>auch die Anschrift des Spenders<\/strong> stehen, um die Spendenquittung adressieren zu k\u00f6nnen<\/p>\n<p>Unser Spendenkonto:<\/p>\n<p>Empf\u00e4nger:\u00a0\u00a0 Partnerschaft Mae Luiza \/ Natal e.V.<br \/>\nBank:\u00a0 \u00a0 \u00a0 \u00a0 \u00a0 \u00a0 \u00a0 \u00a0Sparkasse Oberland<br \/>\nIBAN: \u00a0 \u00a0 \u00a0 \u00a0 \u00a0 \u00a0 \u00a0 \u00a0DE52703510300000709832<br \/>\nBIC: \u00a0 \u00a0 \u00a0 \u00a0 \u00a0 \u00a0 \u00a0 \u00a0 \u00a0 BYLADEM1WHM<\/p>\n<p><strong>Sie k\u00f6nnen Pate werden<\/strong><\/p>\n<p>Dann unterst\u00fctzen Sie mit einem von Ihnen festgelegten regelm\u00e4\u00dfigen Betrag eine bestimmte Einrichtung des \u201eCentro S\u00f3cio\u201c.\u00a0<a href=\"http:\/\/maeluiza-penzberg.de\/wp\/wp-content\/uploads\/2014\/03\/flyer_patenschaft_G5.pdf\">Den Patenflyer gibt es hier.<\/a><a href=\"http:\/\/maeluiza-penzberg.de\/wordpresn\/wp-content\/uploads\/2014\/03\/Flyer_Gentili_Albrecht_Stiftung_2010_korr.pdf\"><br \/>\n<\/a><\/p>\n<p><strong>Sie k\u00f6nnen die Stiftung Ge-Recht unterst\u00fctzen<\/strong><\/p>\n<p><img decoding=\"async\" loading=\"lazy\" class=\"alignleft wp-image-343 size-full\" title=\"Stiftung GeRecht (Leider sind keine Webinhalte dazu verf\u00fcgbar.)\" src=\"http:\/\/maeluiza-penzberg.de\/wp\/wp-content\/uploads\/2014\/01\/logo-ge-recht.png\" alt=\"Logo Stiftung GeRecht\" width=\"150\" height=\"100\" \/>Sie wurde gegr\u00fcndet vom verstorbenen Padre Sabino\u00a0Gentili (M\u00e3e Luiza) und dem ehemaligen Steigenberger Pfarrer K. Albrecht. Sie wird als Unterstiftung von \u201eMisereor\u201c verwaltet. \u00a0<a href=\"http:\/\/maeluiza-penzberg.de\/wp\/wp-content\/uploads\/2014\/03\/Flyer_Gentili_Albrecht_Stiftung_2010_korr.pdf\" target=\"_blank\" rel=\"noopener\">Den Stiftungsflyer gibt es hier.<\/a><\/p>\n<p><strong>Sie k\u00f6nnen aktiv bei uns in der Partnerschaftsgruppe mitmachen<\/strong><\/p>\n<p>1. Vorsitzende des Tr\u00e4gervereins \u201ePartnerschaft Mae Luiza\/Natal e.V.\u201c:<br \/>\nGisela Matschl, In der Au 20, 82377 Penzberg, Tel. 08856 \/ 6981,<br \/>\neMail: &#x67;&#x69;&#115;&#101;l&#x61;&#x2e;&#x6d;&#97;&#116;s&#x63;&#x68;&#x6c;&#64;&#109;a&#x65;&#x6c;&#x75;&#105;&#122;a&#x2d;&#x70;&#x65;&#110;zb&#x65;&#x72;&#x67;&#46;de<\/p>\n<p><strong>Sie k\u00f6nnen auf Zeit in M\u00e3e Luiza mithelfen<\/strong><\/p>\n<p>Helfer aus Europa sind in den Einrichtungen des \u201eCentro S\u00f3cio\u201c gerne gesehen und gesch\u00e4tzt. Sie sollten vollj\u00e4hrig sein, sich auf die Portugiesische Sprache einlassen und die Verh\u00e4ltnisse in einem armen Viertel nicht scheuen. Treten Sie einfach mit uns in Kontakt.<br \/>\n(<em>In den Reiseberichten zum <a href=\"http:\/\/maeluiza-penzberg.de\/wp\/?cat=140&amp;m=2012xx\">Besuch 2012<\/a> und zur Reise anl\u00e4sslich des <a href=\"http:\/\/maeluiza-penzberg.de\/wp\/?cat=140&amp;tag=wjt\">Weltjugendtags 2013<\/a> k\u00f6nnen Sie sich einen Eindruck von Land und Leuten machen.<\/em>)<\/p>\n<p><strong style=\"line-height: 1.5;\">Sie k\u00f6nnen im Eine-Welt-Laden einkaufen oder mithelfen<\/strong><\/p>\n<p>Mit Ihrem Einkauf im <a title=\"\u00dcber Uns\" href=\"http:\/\/maeluiza-penzberg.de\/wp\/?page_id=28\">Eine-Welt-Laden<\/a> tun Sie gleich doppelt Gutes. Sie unterst\u00fctzen die Erzeuger, die im Fairen Handel gerechte Preise f\u00fcr ihre Arbeit bekommen, und Sie unterst\u00fctzen M\u00e3e Luiza, weil s\u00e4mtliche Erl\u00f6se direkt dorthin flie\u00dfen.<\/p>\n<p>Neue Mitarbeiter im Eine-Welt-Laden sind ebenfalls gern gesehen.<\/p>\n<p><b>\u00a0<\/b><\/p>\n","protected":false},"excerpt":{"rendered":"<p>Unser Ziel, die Lebensbedingungen in M\u00e3e Luiza nachhaltig zu verbessern, erfordert viel Anstrengung und finanzielle Mittel. Wir w\u00fcrden uns freuen, wenn Sie uns dabei unterst\u00fctzen w\u00fcrden. Genauso freuen wir uns, wenn Sie sich in die Partnerschaft einbringen m\u00f6chten. Sie k\u00f6nnen spenden: Unser Tr\u00e4gerverein \u201ePartnerschaft M\u00e3e Luiza\/Natal e.V. ist als gemeinn\u00fctziger Verein anerkannt (Steuernummer 119\/110\/20035). Bis einschl. EUR 200,00 gilt der Einzahlungs-\/\u00dcberweisungsbeleg als Spendenquittung. \u00dcber EUR 300,00 muss auf dem Einzahlungs-\/\u00dcberweisungsbeleg auch die Anschrift des Spenders stehen, um die Spendenquittung adressieren zu k\u00f6nnen Unser Spendenkonto: Empf\u00e4nger:\u00a0\u00a0 Partnerschaft Mae Luiza \/ Natal e.V. Bank:\u00a0 \u00a0 \u00a0 \u00a0 \u00a0 \u00a0 \u00a0 \u00a0Sparkasse Oberland [&hellip;]<\/p>\n","protected":false},"author":6,"featured_media":0,"parent":36,"menu_order":3,"comment_status":"closed","ping_status":"closed","template":"","meta":[],"_links":{"self":[{"href":"https:\/\/maeluiza-penzberg.de\/wp\/index.php?rest_route=\/wp\/v2\/pages\/19"}],"collection":[{"href":"https:\/\/maeluiza-penzberg.de\/wp\/index.php?rest_route=\/wp\/v2\/pages"}],"about":[{"href":"https:\/\/maeluiza-penzberg.de\/wp\/index.php?rest_route=\/wp\/v2\/types\/page"}],"author":[{"embeddable":true,"href":"https:\/\/maeluiza-penzberg.de\/wp\/index.php?rest_route=\/wp\/v2\/users\/6"}],"replies":[{"embeddable":true,"href":"https:\/\/maeluiza-penzberg.de\/wp\/index.php?rest_route=%2Fwp%2Fv2%2Fcomments&post=19"}],"version-history":[{"count":33,"href":"https:\/\/maeluiza-penzberg.de\/wp\/index.php?rest_route=\/wp\/v2\/pages\/19\/revisions"}],"predecessor-version":[{"id":2837,"href":"https:\/\/maeluiza-penzberg.de\/wp\/index.php?rest_route=\/wp\/v2\/pages\/19\/revisions\/2837"}],"up":[{"embeddable":true,"href":"https:\/\/maeluiza-penzberg.de\/wp\/index.php?rest_route=\/wp\/v2\/pages\/36"}],"wp:attachment":[{"href":"https:\/\/maeluiza-penzberg.de\/wp\/index.php?rest_route=%2Fwp%2Fv2%2Fmedia&parent=19"}],"curies":[{"name":"wp","href":"https:\/\/api.w.org\/{rel}","templated":true}]}}