{"id":15,"date":"2014-01-23T20:48:27","date_gmt":"2014-01-23T18:48:27","guid":{"rendered":"http:\/\/maeluiza-penzberg.de\/wordpresn\/?page_id=15"},"modified":"2014-04-24T19:12:25","modified_gmt":"2014-04-24T18:12:25","slug":"unsere-ziele","status":"publish","type":"page","link":"https:\/\/maeluiza-penzberg.de\/wp\/?page_id=15","title":{"rendered":"Unsere Ziele"},"content":{"rendered":"<p>Unsere Partnerschaftsgruppe in Penzberg besteht seit 1987 und hat seit dieser Zeit die Entwicklung \u00a0M\u00e3e Luizas von einer Favela (Armenviertel) zu einer lebendigen Gemeinde mit vielen Hilfseinrichtungen begleitet: eine Geschichte von Hoffnung und gelebter N\u00e4chstenliebe.<\/p>\n<figure id=\"attachment_208\" aria-describedby=\"caption-attachment-208\" style=\"width: 300px\" class=\"wp-caption alignleft\"><img decoding=\"async\" loading=\"lazy\" class=\"   wp-image-208 size-medium\" title=\"Besucher in M\u00e3e Luiza (\u00a9 Archiv FrKr ML)\" src=\"http:\/\/maeluiza-penzberg.de\/wp\/wp-content\/uploads\/2014\/01\/Besuchergruppe-aus-Pbg-in-ML-2005-JK-imm005_6-300x179.jpg\" alt=\"Besucher in M\u00e3e Luiza\" width=\"300\" height=\"179\" srcset=\"https:\/\/maeluiza-penzberg.de\/wp\/wp-content\/uploads\/2014\/01\/Besuchergruppe-aus-Pbg-in-ML-2005-JK-imm005_6-300x179.jpg 300w, https:\/\/maeluiza-penzberg.de\/wp\/wp-content\/uploads\/2014\/01\/Besuchergruppe-aus-Pbg-in-ML-2005-JK-imm005_6.jpg 1024w\" sizes=\"(max-width: 300px) 100vw, 300px\" \/><figcaption id=\"caption-attachment-208\" class=\"wp-caption-text\">Besucher aus Penzberg 2005 in M\u00e3e Luiza<\/figcaption><\/figure>\n<p>Genauso wie sich M\u00e3e Luiza entwickelt hat, ist auch unsere Partnerschaft durch immer h\u00e4ufigere Besuche und Gegenbesuche lebendiger geworden. Wir sorgen durch finanzielle und pers\u00f6nliche Unterst\u00fctzung daf\u00fcr, dass die Einrichtungen und Projekte unserer Partner (&#8222;<a title=\"\u00dcber Mae Luiza\" href=\"http:\/\/maeluiza-penzberg.de\/wp\/?page_id=4\">Centro S\u00f3cio<\/a>&#8222;) dauerhaft gesichert sind. Das Prinzip \u201eHilfe zur Selbsthilfe\u201c, wie es in M\u00e3e Luiza so wunderbar gelebt wird, liegt uns sehr am Herzen.<\/p>\n<p>Mit weiteren gr\u00f6\u00dferen und kleineren Unterst\u00fctzergemeinden in Deutschland und der Schweiz und Italien k\u00e4mpfen wir f\u00fcr den Traum von Entwicklung und Gerechtigkeit.<a href=\"http:\/\/www.maeluiza.org\/page\/principal.php\" target=\"_blank\"><img decoding=\"async\" loading=\"lazy\" class=\"alignleft wp-image-362 size-full\" title=\"Zur Homepage der &quot;Association des Amis de M\u00e3e Luiza suisse&quot;\" src=\"http:\/\/maeluiza-penzberg.de\/wp\/wp-content\/uploads\/2014\/01\/logo-amis-suisse.png\" alt=\"Logo des schweizer Unterst\u00fctzervereins\" width=\"150\" height=\"150\" \/><\/a><\/p>\n<p><strong><a title=\"Homepage der Schweizer Unterst\u00fctzergruppe M\u00e3e Luizas\" href=\"http:\/\/www.maeluiza.org\/page\/principal.php\" target=\"_blank\">Hier<\/a> geht es zur Seite des Schweizer Unterst\u00fctzervereins (franz\u00f6sisch).<\/strong><\/p>\n","protected":false},"excerpt":{"rendered":"<p>Unsere Partnerschaftsgruppe in Penzberg besteht seit 1987 und hat seit dieser Zeit die Entwicklung \u00a0M\u00e3e Luizas von einer Favela (Armenviertel) zu einer lebendigen Gemeinde mit vielen Hilfseinrichtungen begleitet: eine Geschichte von Hoffnung und gelebter N\u00e4chstenliebe. Genauso wie sich M\u00e3e Luiza entwickelt hat, ist auch unsere Partnerschaft durch immer h\u00e4ufigere Besuche und Gegenbesuche lebendiger geworden. Wir sorgen durch finanzielle und pers\u00f6nliche Unterst\u00fctzung daf\u00fcr, dass die Einrichtungen und Projekte unserer Partner (&#8222;Centro S\u00f3cio&#8222;) dauerhaft gesichert sind. Das Prinzip \u201eHilfe zur Selbsthilfe\u201c, wie es in M\u00e3e Luiza so wunderbar gelebt wird, liegt uns sehr am Herzen. Mit weiteren gr\u00f6\u00dferen und kleineren Unterst\u00fctzergemeinden in [&hellip;]<\/p>\n","protected":false},"author":6,"featured_media":0,"parent":36,"menu_order":1,"comment_status":"closed","ping_status":"closed","template":"","meta":[],"_links":{"self":[{"href":"https:\/\/maeluiza-penzberg.de\/wp\/index.php?rest_route=\/wp\/v2\/pages\/15"}],"collection":[{"href":"https:\/\/maeluiza-penzberg.de\/wp\/index.php?rest_route=\/wp\/v2\/pages"}],"about":[{"href":"https:\/\/maeluiza-penzberg.de\/wp\/index.php?rest_route=\/wp\/v2\/types\/page"}],"author":[{"embeddable":true,"href":"https:\/\/maeluiza-penzberg.de\/wp\/index.php?rest_route=\/wp\/v2\/users\/6"}],"replies":[{"embeddable":true,"href":"https:\/\/maeluiza-penzberg.de\/wp\/index.php?rest_route=%2Fwp%2Fv2%2Fcomments&post=15"}],"version-history":[{"count":23,"href":"https:\/\/maeluiza-penzberg.de\/wp\/index.php?rest_route=\/wp\/v2\/pages\/15\/revisions"}],"predecessor-version":[{"id":536,"href":"https:\/\/maeluiza-penzberg.de\/wp\/index.php?rest_route=\/wp\/v2\/pages\/15\/revisions\/536"}],"up":[{"embeddable":true,"href":"https:\/\/maeluiza-penzberg.de\/wp\/index.php?rest_route=\/wp\/v2\/pages\/36"}],"wp:attachment":[{"href":"https:\/\/maeluiza-penzberg.de\/wp\/index.php?rest_route=%2Fwp%2Fv2%2Fmedia&parent=15"}],"curies":[{"name":"wp","href":"https:\/\/api.w.org\/{rel}","templated":true}]}}