{"id":25,"date":"2014-01-23T20:49:51","date_gmt":"2014-01-23T18:49:51","guid":{"rendered":"http:\/\/maeluiza-penzberg.de\/wordpresn\/?page_id=25"},"modified":"2014-08-20T15:33:56","modified_gmt":"2014-08-20T14:33:56","slug":"das-altenheim","status":"publish","type":"page","link":"http:\/\/maeluiza-penzberg.de\/wp\/?page_id=25","title":{"rendered":"Das Seniorenheim"},"content":{"rendered":"<p><img decoding=\"async\" loading=\"lazy\" class=\"  aligncenter wp-image-132 size-full\" title=\"Im Espaco Solidario (Seniorenheim) (\u00a9 Archiv FrKr ML)\" src=\"http:\/\/maeluiza-penzberg.de\/wp\/wp-content\/uploads\/2014\/01\/2010-im-Espaco-solidario.jpg\" alt=\"\" width=\"1024\" height=\"768\" srcset=\"http:\/\/maeluiza-penzberg.de\/wp\/wp-content\/uploads\/2014\/01\/2010-im-Espaco-solidario.jpg 1024w, http:\/\/maeluiza-penzberg.de\/wp\/wp-content\/uploads\/2014\/01\/2010-im-Espaco-solidario-300x225.jpg 300w\" sizes=\"(max-width: 1024px) 100vw, 1024px\" \/><\/p>\n<p>Das \u201eEspa\u00e7o Solid\u00e1rio\u201c (\u201eOrt des einander Beistehens\u201c) ist ein Seniorenheim, dessen Konzept sich seit seiner Er\u00f6ffnung im Jahr 2001 \u00fcber die Grenzen Natals hinaus einen Namen gemacht hat.<br \/>\nDer Geist Padre Sabinos ist hier immer wieder zu sp\u00fcren, und es ist ein Ort des Lebens, im Gegensatz zu manch anderen Heimen, wo man sich des Eindrucks nicht ganz erwehren kann, dass sie Orte des Wartens auf das Ableben sind. Im Espa\u00e7o Solid\u00e1rio wohnen etwa 25 alte Menschen, noch einmal so viele sind Tagesg\u00e4ste, die hier zur Entlastung ihrer pflegenden Angeh\u00f6rigen den Tag in Gesellschaft verbringen. <a href=\"http:\/\/espacosolidariocc.blogspot.de\/\" target=\"_blank\"><img decoding=\"async\" loading=\"lazy\" class=\"alignright wp-image-314 size-thumbnail\" title=\"Zum Blog des Seniorenheims (Portugiesisch)\" src=\"http:\/\/maeluiza-penzberg.de\/wp\/wp-content\/uploads\/2014\/01\/logo-espaco-solidario-150x150.png\" alt=\"Logo Seniorenheim\" width=\"150\" height=\"150\" srcset=\"http:\/\/maeluiza-penzberg.de\/wp\/wp-content\/uploads\/2014\/01\/logo-espaco-solidario-150x150.png 150w, http:\/\/maeluiza-penzberg.de\/wp\/wp-content\/uploads\/2014\/01\/logo-espaco-solidario-300x300.png 300w, http:\/\/maeluiza-penzberg.de\/wp\/wp-content\/uploads\/2014\/01\/logo-espaco-solidario.png 580w\" sizes=\"(max-width: 150px) 100vw, 150px\" \/><\/a>Das eigentliche Leben spielt sich in einem gro\u00dfen \u00fcberdachten Raum im Freien ab. Beliebt ist aber auch das kleine Schwimmbecken f\u00fcr physiotherapeutische Ma\u00dfnahmen. Die Angestellten des Espa\u00e7o Solid\u00e1rio kommen zu 90% aus M\u00e3e Luiza, finden hier ihr Einkommen und leisten eine liebevolle Betreuung.<\/p>\n<p>(<a title=\"Hier\" href=\"http:\/\/maeluiza-penzberg.de\/wp\/?p=1048\">Hier<\/a> geht es zu einem genaueren Artikel von 2012)<\/p>\n<p><strong><a href=\"http:\/\/espacosolidariocc.blogspot.de\/\" target=\"_blank\">Hier<\/a> geht es zum Blog des Espa\u00e7o Solid\u00e1rio (Portugiesisch).<\/strong><\/p>\n","protected":false},"excerpt":{"rendered":"<p>Das \u201eEspa\u00e7o Solid\u00e1rio\u201c (\u201eOrt des einander Beistehens\u201c) ist ein Seniorenheim, dessen Konzept sich seit seiner Er\u00f6ffnung im Jahr 2001 \u00fcber die Grenzen Natals hinaus einen Namen gemacht hat. Der Geist Padre Sabinos ist hier immer wieder zu sp\u00fcren, und es ist ein Ort des Lebens, im Gegensatz zu manch anderen Heimen, wo man sich des Eindrucks nicht ganz erwehren kann, dass sie Orte des Wartens auf das Ableben sind. Im Espa\u00e7o Solid\u00e1rio wohnen etwa 25 alte Menschen, noch einmal so viele sind Tagesg\u00e4ste, die hier zur Entlastung ihrer pflegenden Angeh\u00f6rigen den Tag in Gesellschaft verbringen. Das eigentliche Leben spielt sich [&hellip;]<\/p>\n","protected":false},"author":6,"featured_media":0,"parent":9,"menu_order":3,"comment_status":"closed","ping_status":"closed","template":"","meta":[],"_links":{"self":[{"href":"http:\/\/maeluiza-penzberg.de\/wp\/index.php?rest_route=\/wp\/v2\/pages\/25"}],"collection":[{"href":"http:\/\/maeluiza-penzberg.de\/wp\/index.php?rest_route=\/wp\/v2\/pages"}],"about":[{"href":"http:\/\/maeluiza-penzberg.de\/wp\/index.php?rest_route=\/wp\/v2\/types\/page"}],"author":[{"embeddable":true,"href":"http:\/\/maeluiza-penzberg.de\/wp\/index.php?rest_route=\/wp\/v2\/users\/6"}],"replies":[{"embeddable":true,"href":"http:\/\/maeluiza-penzberg.de\/wp\/index.php?rest_route=%2Fwp%2Fv2%2Fcomments&post=25"}],"version-history":[{"count":21,"href":"http:\/\/maeluiza-penzberg.de\/wp\/index.php?rest_route=\/wp\/v2\/pages\/25\/revisions"}],"predecessor-version":[{"id":1176,"href":"http:\/\/maeluiza-penzberg.de\/wp\/index.php?rest_route=\/wp\/v2\/pages\/25\/revisions\/1176"}],"up":[{"embeddable":true,"href":"http:\/\/maeluiza-penzberg.de\/wp\/index.php?rest_route=\/wp\/v2\/pages\/9"}],"wp:attachment":[{"href":"http:\/\/maeluiza-penzberg.de\/wp\/index.php?rest_route=%2Fwp%2Fv2%2Fmedia&parent=25"}],"curies":[{"name":"wp","href":"https:\/\/api.w.org\/{rel}","templated":true}]}}