{"id":21,"date":"2014-01-23T20:49:19","date_gmt":"2014-01-23T18:49:19","guid":{"rendered":"http:\/\/maeluiza-penzberg.de\/wordpresn\/?page_id=21"},"modified":"2014-04-24T19:33:24","modified_gmt":"2014-04-24T18:33:24","slug":"der-kindergarten","status":"publish","type":"page","link":"http:\/\/maeluiza-penzberg.de\/wp\/?page_id=21","title":{"rendered":"Der Kindergarten"},"content":{"rendered":"<p><img decoding=\"async\" loading=\"lazy\" class=\"   aligncenter wp-image-136\" title=\"Kindergarten des Centro S\u00f3cio-Pastoral Nossa Senhora da Concei\u00e7\u00e3o, M\u00e3e Luiza  (\u00a9 Archiv FrKr ML)\" src=\"http:\/\/maeluiza-penzberg.de\/wp\/wp-content\/uploads\/2014\/01\/Kindergarten-Espaco-Livre-GK-1_IMG_0317_Kopie.jpg\" alt=\"\" width=\"1024\" height=\"576\" srcset=\"http:\/\/maeluiza-penzberg.de\/wp\/wp-content\/uploads\/2014\/01\/Kindergarten-Espaco-Livre-GK-1_IMG_0317_Kopie.jpg 1366w, http:\/\/maeluiza-penzberg.de\/wp\/wp-content\/uploads\/2014\/01\/Kindergarten-Espaco-Livre-GK-1_IMG_0317_Kopie-300x168.jpg 300w, http:\/\/maeluiza-penzberg.de\/wp\/wp-content\/uploads\/2014\/01\/Kindergarten-Espaco-Livre-GK-1_IMG_0317_Kopie-1024x575.jpg 1024w\" sizes=\"(max-width: 1024px) 100vw, 1024px\" \/><\/p>\n<p>Der Kindergarten in M\u00e3e Luiza hei\u00dft \u201eEscola Espa\u00e7o Livre\u201c (\u201eSchule des freien Raums\u201c) und war die erste Einrichtung des Centro S\u00f3cio. Vorher gab es noch keinen Kindergarten im Viertel, heute werden dort etwa 200 Kinder betreut und haben dadurch einen geregelten Tagesablauf in einer sch\u00f6nen famili\u00e4ren Atmosph\u00e4re. Die Kinder singen und malen viel, sie lernen spielerisch und werden dadurch auch schon auf den sp\u00e4teren Besuch einer Schule vorbereitet.<\/p>\n<p>Mittlerweile ist nun eine Generation von M\u00e3e-Luizianern durch, die Kinder der Ehemaligen kommen also schon ins Kindergartenalter.<\/p>\n<p>Da es sich beim Kindergarten eigentlich um eine kommunale Aufgabe handelt, kommt hier auch etwas Unterst\u00fctzung von der Stadt Natal, das bringt aber wieder Probleme mit sich: Die Stadt zahlt nicht immer zuverl\u00e4ssig, daf\u00fcr verlangt sie einen Wust an Verwaltungsarbeit, der dann Ressourcen bindet, die bei der Betreuung wieder fehlen. Zum Gro\u00dfteil wird der Kindergarten allerdings durch Spendengelder finanziert.<\/p>\n<p><strong><strong><a title=\"Blog des Kindergartens &quot;Escola Espa\u00e7o Livre&quot;\" href=\"http:\/\/cuidardacrianca.blogspot.de\" target=\"_blank\"><img decoding=\"async\" loading=\"lazy\" class=\"alignleft wp-image-308 \" title=\"Zum Blog des Kindergartens (Portugiesisch)\" src=\"http:\/\/maeluiza-penzberg.de\/wp\/wp-content\/uploads\/2014\/01\/logo-espaco-livre-150x142.png\" alt=\"Logo Kindergarten\" width=\"84\" height=\"80\" \/>Hier<\/a><\/strong> geht es zum Blog des Espa\u00e7o\u00a0Livre (Portugiesisch).<\/strong><\/p>\n","protected":false},"excerpt":{"rendered":"<p>Der Kindergarten in M\u00e3e Luiza hei\u00dft \u201eEscola Espa\u00e7o Livre\u201c (\u201eSchule des freien Raums\u201c) und war die erste Einrichtung des Centro S\u00f3cio. Vorher gab es noch keinen Kindergarten im Viertel, heute werden dort etwa 200 Kinder betreut und haben dadurch einen geregelten Tagesablauf in einer sch\u00f6nen famili\u00e4ren Atmosph\u00e4re. Die Kinder singen und malen viel, sie lernen spielerisch und werden dadurch auch schon auf den sp\u00e4teren Besuch einer Schule vorbereitet. Mittlerweile ist nun eine Generation von M\u00e3e-Luizianern durch, die Kinder der Ehemaligen kommen also schon ins Kindergartenalter. Da es sich beim Kindergarten eigentlich um eine kommunale Aufgabe handelt, kommt hier auch etwas [&hellip;]<\/p>\n","protected":false},"author":6,"featured_media":0,"parent":9,"menu_order":1,"comment_status":"closed","ping_status":"closed","template":"","meta":[],"_links":{"self":[{"href":"http:\/\/maeluiza-penzberg.de\/wp\/index.php?rest_route=\/wp\/v2\/pages\/21"}],"collection":[{"href":"http:\/\/maeluiza-penzberg.de\/wp\/index.php?rest_route=\/wp\/v2\/pages"}],"about":[{"href":"http:\/\/maeluiza-penzberg.de\/wp\/index.php?rest_route=\/wp\/v2\/types\/page"}],"author":[{"embeddable":true,"href":"http:\/\/maeluiza-penzberg.de\/wp\/index.php?rest_route=\/wp\/v2\/users\/6"}],"replies":[{"embeddable":true,"href":"http:\/\/maeluiza-penzberg.de\/wp\/index.php?rest_route=%2Fwp%2Fv2%2Fcomments&post=21"}],"version-history":[{"count":29,"href":"http:\/\/maeluiza-penzberg.de\/wp\/index.php?rest_route=\/wp\/v2\/pages\/21\/revisions"}],"predecessor-version":[{"id":545,"href":"http:\/\/maeluiza-penzberg.de\/wp\/index.php?rest_route=\/wp\/v2\/pages\/21\/revisions\/545"}],"up":[{"embeddable":true,"href":"http:\/\/maeluiza-penzberg.de\/wp\/index.php?rest_route=\/wp\/v2\/pages\/9"}],"wp:attachment":[{"href":"http:\/\/maeluiza-penzberg.de\/wp\/index.php?rest_route=%2Fwp%2Fv2%2Fmedia&parent=21"}],"curies":[{"name":"wp","href":"https:\/\/api.w.org\/{rel}","templated":true}]}}