{"id":17,"date":"2014-01-23T20:48:44","date_gmt":"2014-01-23T18:48:44","guid":{"rendered":"http:\/\/maeluiza-penzberg.de\/wordpresn\/?page_id=17"},"modified":"2014-04-26T11:12:59","modified_gmt":"2014-04-26T10:12:59","slug":"regelmaessige-veranstaltungen","status":"publish","type":"page","link":"http:\/\/maeluiza-penzberg.de\/wp\/?page_id=17","title":{"rendered":"Regelm\u00e4\u00dfige Veranstaltungen"},"content":{"rendered":"<p>In Penzberg und auch \u00fcber Penzberg hinaus treten wir mit regelm\u00e4\u00dfigen Aktionen an die \u00d6ffentlichkeit, um die Menschen f\u00fcr unsere Partnerschaft zu begeistern und zur Unterst\u00fctzung einzuladen.<\/p>\n<figure id=\"attachment_203\" aria-describedby=\"caption-attachment-203\" style=\"width: 300px\" class=\"wp-caption alignleft\"><img decoding=\"async\" loading=\"lazy\" class=\"  wp-image-203 size-medium\" title=\"Gottesdienst in der Kirche U.L.F. Penzberg \/ Steigenberg (\u00a9 Archiv FrKr ML)\" src=\"http:\/\/maeluiza-penzberg.de\/wp\/wp-content\/uploads\/2014\/01\/Brasilientag-Gottesdienst-JK-IMG_3260-300x200.jpg\" alt=\"\" width=\"300\" height=\"200\" srcset=\"http:\/\/maeluiza-penzberg.de\/wp\/wp-content\/uploads\/2014\/01\/Brasilientag-Gottesdienst-JK-IMG_3260-300x200.jpg 300w, http:\/\/maeluiza-penzberg.de\/wp\/wp-content\/uploads\/2014\/01\/Brasilientag-Gottesdienst-JK-IMG_3260-1024x683.jpg 1024w, http:\/\/maeluiza-penzberg.de\/wp\/wp-content\/uploads\/2014\/01\/Brasilientag-Gottesdienst-JK-IMG_3260.jpg 1150w\" sizes=\"(max-width: 300px) 100vw, 300px\" \/><figcaption id=\"caption-attachment-203\" class=\"wp-caption-text\">Gottesdienst in der Kirche U.L.F. Penzberg<\/figcaption><\/figure>\n<p>Jedes Jahr im November findet der <b>Brasilientag<\/b> statt. Ein thematischer und brasilianisch angehauchter Gottesdienst, ein gemeinsames Mittagessen und anschlie\u00dfendes\u00a0Beisammensein, wo die neuesten Entwicklungen in M\u00e3e Luiza ausgetauscht werden. Sie sind herzlich eingeladen!<\/p>\n<p>&nbsp;<\/p>\n<p>&nbsp;<\/p>\n<figure id=\"attachment_458\" aria-describedby=\"caption-attachment-458\" style=\"width: 300px\" class=\"wp-caption alignleft\"><img decoding=\"async\" loading=\"lazy\" class=\"wp-image-458 size-medium\" title=\"Gospelnacht in der Kirche Christk\u00f6nig in Penzberg (\u00a9 Archiv FrKr ML)\" src=\"http:\/\/maeluiza-penzberg.de\/wp\/wp-content\/uploads\/2014\/01\/Gospels-and-more-2013-JK-IMG_0033_K-neu-300x179.jpg\" alt=\"\" width=\"300\" height=\"179\" srcset=\"http:\/\/maeluiza-penzberg.de\/wp\/wp-content\/uploads\/2014\/01\/Gospels-and-more-2013-JK-IMG_0033_K-neu-300x179.jpg 300w, http:\/\/maeluiza-penzberg.de\/wp\/wp-content\/uploads\/2014\/01\/Gospels-and-more-2013-JK-IMG_0033_K-neu.jpg 1024w\" sizes=\"(max-width: 300px) 100vw, 300px\" \/><figcaption id=\"caption-attachment-458\" class=\"wp-caption-text\">Gospelnacht in der Kirche Christk\u00f6nig in Penzberg<\/figcaption><\/figure>\n<p>&nbsp;<\/p>\n<p>Alle zwei Jahre laden wir ein zum Benefizkonzert \u201e<b>Gospels &amp; more<\/b>\u201c mit Ch\u00f6ren aus dem Oberland, die mit mitrei\u00dfenden Auftritten begeistern.<\/p>\n<p>&nbsp;<\/p>\n<p>&nbsp;<\/p>\n<p>&nbsp;<\/p>\n<p><a href=\"http:\/\/maeluiza-penzberg.de\/wp\/?page_id=28\"><img decoding=\"async\" loading=\"lazy\" class=\"alignleft wp-image-322\" title=\"zum Penzberger Eine-Welt-Laden\" src=\"http:\/\/maeluiza-penzberg.de\/wp\/wp-content\/uploads\/2014\/01\/logo-weltladen-300x154.png\" alt=\"Logo Weltladen\" width=\"129\" height=\"66\" srcset=\"http:\/\/maeluiza-penzberg.de\/wp\/wp-content\/uploads\/2014\/01\/logo-weltladen-300x154.png 300w, http:\/\/maeluiza-penzberg.de\/wp\/wp-content\/uploads\/2014\/01\/logo-weltladen.png 584w\" sizes=\"(max-width: 129px) 100vw, 129px\" \/><\/a>Der <a title=\"\u00dcber Uns &amp; Unser Sortiment\" href=\"http:\/\/maeluiza-penzberg.de\/wp\/?page_id=28\"><b>Eine-Welt-Laden<\/b><\/a>,\u00a0 dessen Erl\u00f6se zu 100% unserer Partnergemeinde M\u00e3e Luiza zugute kommen, ist\u00a0nicht nur zu den regelm\u00e4\u00dfigen <a title=\"Kontakt und \u00d6ffnungszeiten\" href=\"http:\/\/maeluiza-penzberg.de\/wp\/?page_id=32\">\u00d6ffnungszeiten<\/a> im Kirchturm Christk\u00f6nig zu finden, sondern dar\u00fcber hinaus auch auf vielen Veranstaltungen in und um Penzberg pr\u00e4sent.<\/p>\n<p><a href=\"http:\/\/www.christkoenig.de\" target=\"_blank\"><img decoding=\"async\" loading=\"lazy\" class=\"alignleft wp-image-456\" title=\"hier gehts zur kath. Pfarrei Christk\u00f6nig in Penzberg\" src=\"http:\/\/maeluiza-penzberg.de\/wp\/wp-content\/uploads\/2014\/01\/christkoenig-2014-fassung-breit.png\" alt=\"Logo der Pfarrei Christk\u00f6nig Penzberg\" width=\"193\" height=\"88\" \/><\/a>Bei vielen Aktionen der <a href=\"http:\/\/www.christkoenig.de\" target=\"_blank\">Pfarrei Christk\u00f6nig in Penzberg<\/a><span style=\"line-height: 1.5;\">(z.B. die <\/span><b style=\"line-height: 1.5;\">Sternsingeraktion<\/b><span style=\"line-height: 1.5;\">) flie\u00dft der Erl\u00f6s ganz oder teilweise nach M\u00e3e Luiza.<\/span><\/p>\n","protected":false},"excerpt":{"rendered":"<p>In Penzberg und auch \u00fcber Penzberg hinaus treten wir mit regelm\u00e4\u00dfigen Aktionen an die \u00d6ffentlichkeit, um die Menschen f\u00fcr unsere Partnerschaft zu begeistern und zur Unterst\u00fctzung einzuladen. Jedes Jahr im November findet der Brasilientag statt. Ein thematischer und brasilianisch angehauchter Gottesdienst, ein gemeinsames Mittagessen und anschlie\u00dfendes\u00a0Beisammensein, wo die neuesten Entwicklungen in M\u00e3e Luiza ausgetauscht werden. Sie sind herzlich eingeladen! &nbsp; &nbsp; &nbsp; Alle zwei Jahre laden wir ein zum Benefizkonzert \u201eGospels &amp; more\u201c mit Ch\u00f6ren aus dem Oberland, die mit mitrei\u00dfenden Auftritten begeistern. &nbsp; &nbsp; &nbsp; Der Eine-Welt-Laden,\u00a0 dessen Erl\u00f6se zu 100% unserer Partnergemeinde M\u00e3e Luiza zugute kommen, ist\u00a0nicht nur [&hellip;]<\/p>\n","protected":false},"author":6,"featured_media":0,"parent":36,"menu_order":2,"comment_status":"closed","ping_status":"closed","template":"","meta":[],"_links":{"self":[{"href":"http:\/\/maeluiza-penzberg.de\/wp\/index.php?rest_route=\/wp\/v2\/pages\/17"}],"collection":[{"href":"http:\/\/maeluiza-penzberg.de\/wp\/index.php?rest_route=\/wp\/v2\/pages"}],"about":[{"href":"http:\/\/maeluiza-penzberg.de\/wp\/index.php?rest_route=\/wp\/v2\/types\/page"}],"author":[{"embeddable":true,"href":"http:\/\/maeluiza-penzberg.de\/wp\/index.php?rest_route=\/wp\/v2\/users\/6"}],"replies":[{"embeddable":true,"href":"http:\/\/maeluiza-penzberg.de\/wp\/index.php?rest_route=%2Fwp%2Fv2%2Fcomments&post=17"}],"version-history":[{"count":36,"href":"http:\/\/maeluiza-penzberg.de\/wp\/index.php?rest_route=\/wp\/v2\/pages\/17\/revisions"}],"predecessor-version":[{"id":561,"href":"http:\/\/maeluiza-penzberg.de\/wp\/index.php?rest_route=\/wp\/v2\/pages\/17\/revisions\/561"}],"up":[{"embeddable":true,"href":"http:\/\/maeluiza-penzberg.de\/wp\/index.php?rest_route=\/wp\/v2\/pages\/36"}],"wp:attachment":[{"href":"http:\/\/maeluiza-penzberg.de\/wp\/index.php?rest_route=%2Fwp%2Fv2%2Fmedia&parent=17"}],"curies":[{"name":"wp","href":"https:\/\/api.w.org\/{rel}","templated":true}]}}