{"id":123,"date":"2014-01-24T22:25:49","date_gmt":"2014-01-24T20:25:49","guid":{"rendered":"http:\/\/maeluiza-penzberg.de\/wordpresn\/?page_id=123"},"modified":"2014-05-03T21:00:04","modified_gmt":"2014-05-03T20:00:04","slug":"geschichte-der-partnerschaft","status":"publish","type":"page","link":"http:\/\/maeluiza-penzberg.de\/wp\/?page_id=123","title":{"rendered":"Geschichte der Partnerschaft"},"content":{"rendered":"<figure id=\"attachment_134\" aria-describedby=\"caption-attachment-134\" style=\"width: 300px\" class=\"wp-caption alignleft\"><img decoding=\"async\" loading=\"lazy\" class=\"  wp-image-134 size-medium\" title=\"M\u00e3e Luiza, ca. 1980  (\u00a9 Archiv FrKr ML)\" src=\"http:\/\/maeluiza-penzberg.de\/wp\/wp-content\/uploads\/2014\/01\/ca-1980Altes-Bild-Viertel-300x198.jpg\" alt=\"\" width=\"300\" height=\"198\" srcset=\"http:\/\/maeluiza-penzberg.de\/wp\/wp-content\/uploads\/2014\/01\/ca-1980Altes-Bild-Viertel-300x198.jpg 300w, http:\/\/maeluiza-penzberg.de\/wp\/wp-content\/uploads\/2014\/01\/ca-1980Altes-Bild-Viertel.jpg 771w\" sizes=\"(max-width: 300px) 100vw, 300px\" \/><figcaption id=\"caption-attachment-134\" class=\"wp-caption-text\">Eine Ansicht von M\u00e3e Luiza etwa aus dem Jahr 1980<\/figcaption><\/figure>\n<p>Der Grundstein unserer Partnerschaft wurde im Jahr 1983 gelegt: Padre Sabino, damals junger Pfarrvikar in M\u00e3e Luiza, und der ehemalige Penzberger Pfarrer Konrad Albrecht begegneten sich zum ersten Mal und schlossen Freundschaft. Sie waren sich einig in der Gestaltung der Pastoral in ihren Gemeinden, sich um die N\u00f6te und Sorgen und die \u00dcberwindung der existentiellen Probleme zu k\u00fcmmern, den Menschen am Rande der Gesellschaft W\u00fcrde und Hoffnung zu geben.<\/p>\n<p>1987 wurde die Partnerschaftsgruppe in der Pfarrei gegr\u00fcndet und schon bald begannen intensive Kontakte mit gegenseitigen Besuchen und freiwilligen sozialen Jahren in M\u00e3e Luiza. 1990 wurde dann der Eine-Welt-Laden zusammen mit seinem Tr\u00e4gerverein er\u00f6ffnet. J\u00e4hrlich wiederkehrende Veranstaltungen wie der Brasilientag oder die Gospelnacht wurden geboren. Im Jahr 1995 wurde zum ersten Mal eine gr\u00f6\u00dfere Gruppe von verantwortlichen Mitarbeitern aus M\u00e3e Luiza nach Deutschland eingeladen. 2005, anl\u00e4sslich des Weltjungendtages in K\u00f6ln, war es dann auch m\u00f6glich, dass eine Gruppe von zehn Jugendlichen aus M\u00e3e Luiza f\u00fcr zwei Wochen Penzberg besuchte.<\/p>\n<p>Am 8. Juli 2006 starb Padre Sabino v\u00f6llig unerwartet. Anf\u00e4ngliche Bef\u00fcrchtungen, der Tod Sabinos k\u00f6nnte die so positive Entwicklung von M\u00e3e Luiza bremsen als auch die Partnerschaft hemmen, erwiesen sich schnell als unbegr\u00fcndet. Padre Sabino wird immer unvergessen bleiben, sein Geist wirkt hier wie dort weiter. Bei der Trauerfeier in M\u00e3e Luiza fiel der Satz \u201eWir sind Erben, nicht Waisen\u201c und genauso lebt Ma\u00e3e Luiza und unsere Partnerschaft heute weiter, nach mehr als 25 Jahren.<\/p>\n<p><!--more--><\/p>\n<p>&nbsp;<\/p>\n<figure id=\"attachment_135\" aria-describedby=\"caption-attachment-135\" style=\"width: 300px\" class=\"wp-caption alignleft\"><img decoding=\"async\" loading=\"lazy\" class=\"    wp-image-135 size-medium\" title=\"Padre Sabino mit Kindern  (\u00a9 Archiv FrKr ML)\" src=\"http:\/\/maeluiza-penzberg.de\/wp\/wp-content\/uploads\/2014\/01\/Sabino-mit-Kinders-300x220.jpg\" alt=\"\" width=\"300\" height=\"220\" srcset=\"http:\/\/maeluiza-penzberg.de\/wp\/wp-content\/uploads\/2014\/01\/Sabino-mit-Kinders-300x220.jpg 300w, http:\/\/maeluiza-penzberg.de\/wp\/wp-content\/uploads\/2014\/01\/Sabino-mit-Kinders.jpg 1024w\" sizes=\"(max-width: 300px) 100vw, 300px\" \/><figcaption id=\"caption-attachment-135\" class=\"wp-caption-text\">Padre Sabino mit Kindern<\/figcaption><\/figure>\n<p><span style=\"line-height: 1.5;\">P<\/span><span style=\"line-height: 1.5;\">adre Sabino Gentili wird in M\u00e3e Luiza und dar\u00fcber hinaus als &#8222;profeta do morro&#8220; verehrt, &#8222;Prophet des H\u00fcgels&#8220;, der im dortigen Stadtviertel, auf den D\u00fcnen am Rand des Atlantiks, die Menschen dazu angeleitet hat, ihr Schicksal in die Hand zu nehmen und f\u00fcr ihre elementaren Grundrechte zu k\u00e4mpfen. Er gab nie L\u00f6sungen vor, sondern erarbeitete sie mit den Bewohnern des Viertels, ungeachtet ihrer Rasse, Herkunft\u00a0<\/span>oder Religion. Die Kirche betrachtete er in diesem Sinne als dienende Institution. Das gro\u00dfartige Team, das er im Laufe der vielen Jahre um sich herum aufgebaut und gef\u00f6rdert hat, lebt diese Grunds\u00e4tze auch nach seinem Tod weiter.<\/p>\n","protected":false},"excerpt":{"rendered":"<p>Der Grundstein unserer Partnerschaft wurde im Jahr 1983 gelegt: Padre Sabino, damals junger Pfarrvikar in M\u00e3e Luiza, und der ehemalige Penzberger Pfarrer Konrad Albrecht begegneten sich zum ersten Mal und schlossen Freundschaft. Sie waren sich einig in der Gestaltung der Pastoral in ihren Gemeinden, sich um die N\u00f6te und Sorgen und die \u00dcberwindung der existentiellen Probleme zu k\u00fcmmern, den Menschen am Rande der Gesellschaft W\u00fcrde und Hoffnung zu geben. 1987 wurde die Partnerschaftsgruppe in der Pfarrei gegr\u00fcndet und schon bald begannen intensive Kontakte mit gegenseitigen Besuchen und freiwilligen sozialen Jahren in M\u00e3e Luiza. 1990 wurde dann der Eine-Welt-Laden zusammen mit [&hellip;]<\/p>\n","protected":false},"author":6,"featured_media":0,"parent":7,"menu_order":4,"comment_status":"closed","ping_status":"closed","template":"","meta":[],"_links":{"self":[{"href":"http:\/\/maeluiza-penzberg.de\/wp\/index.php?rest_route=\/wp\/v2\/pages\/123"}],"collection":[{"href":"http:\/\/maeluiza-penzberg.de\/wp\/index.php?rest_route=\/wp\/v2\/pages"}],"about":[{"href":"http:\/\/maeluiza-penzberg.de\/wp\/index.php?rest_route=\/wp\/v2\/types\/page"}],"author":[{"embeddable":true,"href":"http:\/\/maeluiza-penzberg.de\/wp\/index.php?rest_route=\/wp\/v2\/users\/6"}],"replies":[{"embeddable":true,"href":"http:\/\/maeluiza-penzberg.de\/wp\/index.php?rest_route=%2Fwp%2Fv2%2Fcomments&post=123"}],"version-history":[{"count":17,"href":"http:\/\/maeluiza-penzberg.de\/wp\/index.php?rest_route=\/wp\/v2\/pages\/123\/revisions"}],"predecessor-version":[{"id":589,"href":"http:\/\/maeluiza-penzberg.de\/wp\/index.php?rest_route=\/wp\/v2\/pages\/123\/revisions\/589"}],"up":[{"embeddable":true,"href":"http:\/\/maeluiza-penzberg.de\/wp\/index.php?rest_route=\/wp\/v2\/pages\/7"}],"wp:attachment":[{"href":"http:\/\/maeluiza-penzberg.de\/wp\/index.php?rest_route=%2Fwp%2Fv2%2Fmedia&parent=123"}],"curies":[{"name":"wp","href":"https:\/\/api.w.org\/{rel}","templated":true}]}}